{"id":123,"date":"2024-01-05T15:41:56","date_gmt":"2024-01-05T15:41:56","guid":{"rendered":"https:\/\/sandnestattooconvention.com\/?page_id=123"},"modified":"2024-01-05T15:41:56","modified_gmt":"2024-01-05T15:41:56","slug":"ambrosia-studio","status":"publish","type":"page","link":"https:\/\/sandnestattooconvention.com\/index.php\/ambrosia-studio\/","title":{"rendered":"Ambrosia Studio"},"content":{"rendered":"\n<p>Jeg heter Linn Aasne, driver mitt eget tatoveringsstudio, Ambrosia Studio, i Oslo og har n\u00e5 tatovert i 13 \u00e5r.<\/p>\n\n\n\n<p>Elsker \u00e5 tatovere alt som har med dyr og planter \u00e5 gj\u00f8re og jeg er veldig opptatt av at alle skal f\u00f8le seg velkommen og godt ivaretatt hos meg, kom som du er!\u00a0<\/p>\n\n\n\n<p><\/p>\n\n\n\n<p><a href=\"https:\/\/www.ambrosiastudio.no\/\" target=\"_blank\" rel=\"noreferrer noopener\">NETTSIDE<\/a><\/p>\n\n\n\n<p><a href=\"https:\/\/www.facebook.com\/ambrosiastudioo\" target=\"_blank\" rel=\"noreferrer noopener\">FACEBOOK<\/a><\/p>\n\n\n\n<p><a href=\"https:\/\/www.instagram.com\/ambrosia.studioo\/\" target=\"_blank\" rel=\"noreferrer noopener\">INSTAGRAM<\/a><\/p>\n\n\n\n<figure class=\"wp-block-gallery has-nested-images columns-default is-cropped wp-block-gallery-1 is-layout-flex wp-block-gallery-is-layout-flex\">\n<figure class=\"wp-block-image size-large\"><img loading=\"lazy\" decoding=\"async\" width=\"768\" height=\"1024\" data-id=\"126\" src=\"https:\/\/sandnestattooconvention.com\/wp-content\/uploads\/2024\/01\/4-768x1024.jpeg\" alt=\"\" class=\"wp-image-126\" srcset=\"https:\/\/sandnestattooconvention.com\/wp-content\/uploads\/2024\/01\/4-768x1024.jpeg 768w, https:\/\/sandnestattooconvention.com\/wp-content\/uploads\/2024\/01\/4-225x300.jpeg 225w, https:\/\/sandnestattooconvention.com\/wp-content\/uploads\/2024\/01\/4-1152x1536.jpeg 1152w, https:\/\/sandnestattooconvention.com\/wp-content\/uploads\/2024\/01\/4-1536x2048.jpeg 1536w, https:\/\/sandnestattooconvention.com\/wp-content\/uploads\/2024\/01\/4-scaled.jpeg 1920w\" sizes=\"auto, (max-width: 768px) 100vw, 768px\" \/><\/figure>\n\n\n\n<figure class=\"wp-block-image size-large\"><img loading=\"lazy\" decoding=\"async\" width=\"768\" height=\"1024\" data-id=\"124\" src=\"https:\/\/sandnestattooconvention.com\/wp-content\/uploads\/2024\/01\/3-768x1024.jpeg\" alt=\"\" class=\"wp-image-124\" srcset=\"https:\/\/sandnestattooconvention.com\/wp-content\/uploads\/2024\/01\/3-768x1024.jpeg 768w, https:\/\/sandnestattooconvention.com\/wp-content\/uploads\/2024\/01\/3-225x300.jpeg 225w, https:\/\/sandnestattooconvention.com\/wp-content\/uploads\/2024\/01\/3-1152x1536.jpeg 1152w, https:\/\/sandnestattooconvention.com\/wp-content\/uploads\/2024\/01\/3-1536x2048.jpeg 1536w, https:\/\/sandnestattooconvention.com\/wp-content\/uploads\/2024\/01\/3-scaled.jpeg 1920w\" sizes=\"auto, (max-width: 768px) 100vw, 768px\" \/><\/figure>\n\n\n\n<figure class=\"wp-block-image size-large\"><img loading=\"lazy\" decoding=\"async\" width=\"768\" height=\"1024\" data-id=\"125\" src=\"https:\/\/sandnestattooconvention.com\/wp-content\/uploads\/2024\/01\/1-768x1024.jpeg\" alt=\"\" class=\"wp-image-125\" srcset=\"https:\/\/sandnestattooconvention.com\/wp-content\/uploads\/2024\/01\/1-768x1024.jpeg 768w, https:\/\/sandnestattooconvention.com\/wp-content\/uploads\/2024\/01\/1-225x300.jpeg 225w, https:\/\/sandnestattooconvention.com\/wp-content\/uploads\/2024\/01\/1-1152x1536.jpeg 1152w, https:\/\/sandnestattooconvention.com\/wp-content\/uploads\/2024\/01\/1-1536x2048.jpeg 1536w, https:\/\/sandnestattooconvention.com\/wp-content\/uploads\/2024\/01\/1-scaled.jpeg 1920w\" sizes=\"auto, (max-width: 768px) 100vw, 768px\" \/><\/figure>\n\n\n\n<figure class=\"wp-block-image size-large\"><img loading=\"lazy\" decoding=\"async\" width=\"768\" height=\"1024\" data-id=\"128\" src=\"https:\/\/sandnestattooconvention.com\/wp-content\/uploads\/2024\/01\/2-768x1024.jpeg\" alt=\"\" class=\"wp-image-128\" srcset=\"https:\/\/sandnestattooconvention.com\/wp-content\/uploads\/2024\/01\/2-768x1024.jpeg 768w, https:\/\/sandnestattooconvention.com\/wp-content\/uploads\/2024\/01\/2-225x300.jpeg 225w, https:\/\/sandnestattooconvention.com\/wp-content\/uploads\/2024\/01\/2-1152x1536.jpeg 1152w, https:\/\/sandnestattooconvention.com\/wp-content\/uploads\/2024\/01\/2-1536x2048.jpeg 1536w, https:\/\/sandnestattooconvention.com\/wp-content\/uploads\/2024\/01\/2-scaled.jpeg 1920w\" sizes=\"auto, (max-width: 768px) 100vw, 768px\" \/><\/figure>\n\n\n\n<figure class=\"wp-block-image size-large\"><img loading=\"lazy\" decoding=\"async\" width=\"768\" height=\"1024\" data-id=\"127\" src=\"https:\/\/sandnestattooconvention.com\/wp-content\/uploads\/2024\/01\/image_6209779-768x1024.jpeg\" alt=\"\" class=\"wp-image-127\" srcset=\"https:\/\/sandnestattooconvention.com\/wp-content\/uploads\/2024\/01\/image_6209779-768x1024.jpeg 768w, https:\/\/sandnestattooconvention.com\/wp-content\/uploads\/2024\/01\/image_6209779-225x300.jpeg 225w, https:\/\/sandnestattooconvention.com\/wp-content\/uploads\/2024\/01\/image_6209779-1152x1536.jpeg 1152w, https:\/\/sandnestattooconvention.com\/wp-content\/uploads\/2024\/01\/image_6209779-1536x2048.jpeg 1536w, https:\/\/sandnestattooconvention.com\/wp-content\/uploads\/2024\/01\/image_6209779-scaled.jpeg 1920w\" sizes=\"auto, (max-width: 768px) 100vw, 768px\" \/><\/figure>\n<\/figure>\n","protected":false},"excerpt":{"rendered":"<p>Jeg heter Linn Aasne, driver mitt eget tatoveringsstudio, Ambrosia Studio, i Oslo og har n\u00e5 tatovert i 13 \u00e5r. Elsker \u00e5 tatovere alt som har med dyr og planter \u00e5 gj\u00f8re og jeg er veldig opptatt av at alle skal f\u00f8le seg velkommen og godt ivaretatt hos meg, kom som du er!\u00a0 NETTSIDE FACEBOOK INSTAGRAM<\/p>\n","protected":false},"author":1,"featured_media":0,"parent":0,"menu_order":0,"comment_status":"closed","ping_status":"closed","template":"","meta":{"footnotes":""},"class_list":["post-123","page","type-page","status-publish","hentry"],"_links":{"self":[{"href":"https:\/\/sandnestattooconvention.com\/index.php\/wp-json\/wp\/v2\/pages\/123","targetHints":{"allow":["GET"]}}],"collection":[{"href":"https:\/\/sandnestattooconvention.com\/index.php\/wp-json\/wp\/v2\/pages"}],"about":[{"href":"https:\/\/sandnestattooconvention.com\/index.php\/wp-json\/wp\/v2\/types\/page"}],"author":[{"embeddable":true,"href":"https:\/\/sandnestattooconvention.com\/index.php\/wp-json\/wp\/v2\/users\/1"}],"replies":[{"embeddable":true,"href":"https:\/\/sandnestattooconvention.com\/index.php\/wp-json\/wp\/v2\/comments?post=123"}],"version-history":[{"count":1,"href":"https:\/\/sandnestattooconvention.com\/index.php\/wp-json\/wp\/v2\/pages\/123\/revisions"}],"predecessor-version":[{"id":129,"href":"https:\/\/sandnestattooconvention.com\/index.php\/wp-json\/wp\/v2\/pages\/123\/revisions\/129"}],"wp:attachment":[{"href":"https:\/\/sandnestattooconvention.com\/index.php\/wp-json\/wp\/v2\/media?parent=123"}],"curies":[{"name":"wp","href":"https:\/\/api.w.org\/{rel}","templated":true}]}}