{"id":146,"date":"2024-01-15T12:57:24","date_gmt":"2024-01-15T12:57:24","guid":{"rendered":"https:\/\/sandnestattooconvention.com\/?page_id=146"},"modified":"2024-01-15T12:57:24","modified_gmt":"2024-01-15T12:57:24","slug":"blue-arms-tattoo","status":"publish","type":"page","link":"https:\/\/sandnestattooconvention.com\/index.php\/blue-arms-tattoo\/","title":{"rendered":"Blue arms tattoo"},"content":{"rendered":"\n<p><\/p>\n\n\n\n<p>By : Sandefjord<\/p>\n\n\n\n<p>Med til sammen mer enn 50 \u00e5rs erfaring har Nico og Chris startet p\u00e5 neste kapittel i Sandefjord.&nbsp;<\/p>\n\n\n\n<p>Med fokus p\u00e5 tradisjonell japansk tatovering.<\/p>\n\n\n\n<p>Store og sm\u00e5 arbeider er velkomne!&nbsp;<\/p>\n\n\n\n<figure class=\"wp-block-gallery has-nested-images columns-default is-cropped wp-block-gallery-1 is-layout-flex wp-block-gallery-is-layout-flex\">\n<figure class=\"wp-block-image size-large\"><img loading=\"lazy\" decoding=\"async\" width=\"536\" height=\"1024\" data-id=\"149\" src=\"https:\/\/sandnestattooconvention.com\/wp-content\/uploads\/2024\/01\/image6-536x1024.jpeg\" alt=\"\" class=\"wp-image-149\" srcset=\"https:\/\/sandnestattooconvention.com\/wp-content\/uploads\/2024\/01\/image6-536x1024.jpeg 536w, https:\/\/sandnestattooconvention.com\/wp-content\/uploads\/2024\/01\/image6-157x300.jpeg 157w, https:\/\/sandnestattooconvention.com\/wp-content\/uploads\/2024\/01\/image6-768x1467.jpeg 768w, https:\/\/sandnestattooconvention.com\/wp-content\/uploads\/2024\/01\/image6-804x1536.jpeg 804w, https:\/\/sandnestattooconvention.com\/wp-content\/uploads\/2024\/01\/image6-1072x2048.jpeg 1072w, https:\/\/sandnestattooconvention.com\/wp-content\/uploads\/2024\/01\/image6-scaled.jpeg 1340w\" sizes=\"auto, (max-width: 536px) 100vw, 536px\" \/><\/figure>\n\n\n\n<figure class=\"wp-block-image size-large\"><img loading=\"lazy\" decoding=\"async\" width=\"768\" height=\"1024\" data-id=\"151\" src=\"https:\/\/sandnestattooconvention.com\/wp-content\/uploads\/2024\/01\/image5-768x1024.jpeg\" alt=\"\" class=\"wp-image-151\" srcset=\"https:\/\/sandnestattooconvention.com\/wp-content\/uploads\/2024\/01\/image5-768x1024.jpeg 768w, https:\/\/sandnestattooconvention.com\/wp-content\/uploads\/2024\/01\/image5-225x300.jpeg 225w, https:\/\/sandnestattooconvention.com\/wp-content\/uploads\/2024\/01\/image5-1152x1536.jpeg 1152w, https:\/\/sandnestattooconvention.com\/wp-content\/uploads\/2024\/01\/image5-1536x2048.jpeg 1536w, https:\/\/sandnestattooconvention.com\/wp-content\/uploads\/2024\/01\/image5-scaled.jpeg 1920w\" sizes=\"auto, (max-width: 768px) 100vw, 768px\" \/><\/figure>\n\n\n\n<figure class=\"wp-block-image size-large\"><img loading=\"lazy\" decoding=\"async\" width=\"1024\" height=\"683\" data-id=\"148\" src=\"https:\/\/sandnestattooconvention.com\/wp-content\/uploads\/2024\/01\/image4-1024x683.jpeg\" alt=\"\" class=\"wp-image-148\" srcset=\"https:\/\/sandnestattooconvention.com\/wp-content\/uploads\/2024\/01\/image4-1024x683.jpeg 1024w, https:\/\/sandnestattooconvention.com\/wp-content\/uploads\/2024\/01\/image4-300x200.jpeg 300w, https:\/\/sandnestattooconvention.com\/wp-content\/uploads\/2024\/01\/image4-768x512.jpeg 768w, https:\/\/sandnestattooconvention.com\/wp-content\/uploads\/2024\/01\/image4-1536x1025.jpeg 1536w, https:\/\/sandnestattooconvention.com\/wp-content\/uploads\/2024\/01\/image4-2048x1367.jpeg 2048w\" sizes=\"auto, (max-width: 1024px) 100vw, 1024px\" \/><\/figure>\n\n\n\n<figure class=\"wp-block-image size-large\"><img loading=\"lazy\" decoding=\"async\" width=\"768\" height=\"1024\" data-id=\"152\" src=\"https:\/\/sandnestattooconvention.com\/wp-content\/uploads\/2024\/01\/image3-768x1024.jpeg\" alt=\"\" class=\"wp-image-152\" srcset=\"https:\/\/sandnestattooconvention.com\/wp-content\/uploads\/2024\/01\/image3-768x1024.jpeg 768w, https:\/\/sandnestattooconvention.com\/wp-content\/uploads\/2024\/01\/image3-225x300.jpeg 225w, https:\/\/sandnestattooconvention.com\/wp-content\/uploads\/2024\/01\/image3-1152x1536.jpeg 1152w, https:\/\/sandnestattooconvention.com\/wp-content\/uploads\/2024\/01\/image3-1536x2048.jpeg 1536w, https:\/\/sandnestattooconvention.com\/wp-content\/uploads\/2024\/01\/image3-scaled.jpeg 1920w\" sizes=\"auto, (max-width: 768px) 100vw, 768px\" \/><\/figure>\n\n\n\n<figure class=\"wp-block-image size-large\"><img loading=\"lazy\" decoding=\"async\" width=\"878\" height=\"1024\" data-id=\"150\" src=\"https:\/\/sandnestattooconvention.com\/wp-content\/uploads\/2024\/01\/image2-878x1024.jpeg\" alt=\"\" class=\"wp-image-150\" srcset=\"https:\/\/sandnestattooconvention.com\/wp-content\/uploads\/2024\/01\/image2-878x1024.jpeg 878w, https:\/\/sandnestattooconvention.com\/wp-content\/uploads\/2024\/01\/image2-257x300.jpeg 257w, https:\/\/sandnestattooconvention.com\/wp-content\/uploads\/2024\/01\/image2-768x895.jpeg 768w, https:\/\/sandnestattooconvention.com\/wp-content\/uploads\/2024\/01\/image2-1318x1536.jpeg 1318w, https:\/\/sandnestattooconvention.com\/wp-content\/uploads\/2024\/01\/image2-1757x2048.jpeg 1757w\" sizes=\"auto, (max-width: 878px) 100vw, 878px\" \/><\/figure>\n\n\n\n<figure class=\"wp-block-image size-large\"><img loading=\"lazy\" decoding=\"async\" width=\"1024\" height=\"1024\" data-id=\"147\" src=\"https:\/\/sandnestattooconvention.com\/wp-content\/uploads\/2024\/01\/image1-1024x1024.jpeg\" alt=\"\" class=\"wp-image-147\" srcset=\"https:\/\/sandnestattooconvention.com\/wp-content\/uploads\/2024\/01\/image1-1024x1024.jpeg 1024w, https:\/\/sandnestattooconvention.com\/wp-content\/uploads\/2024\/01\/image1-300x300.jpeg 300w, https:\/\/sandnestattooconvention.com\/wp-content\/uploads\/2024\/01\/image1-150x150.jpeg 150w, https:\/\/sandnestattooconvention.com\/wp-content\/uploads\/2024\/01\/image1-768x768.jpeg 768w, https:\/\/sandnestattooconvention.com\/wp-content\/uploads\/2024\/01\/image1.jpeg 1316w\" sizes=\"auto, (max-width: 1024px) 100vw, 1024px\" \/><\/figure>\n\n\n\n<figure class=\"wp-block-image size-large\"><img loading=\"lazy\" decoding=\"async\" width=\"768\" height=\"1024\" data-id=\"153\" src=\"https:\/\/sandnestattooconvention.com\/wp-content\/uploads\/2024\/01\/image0-768x1024.jpeg\" alt=\"\" class=\"wp-image-153\" srcset=\"https:\/\/sandnestattooconvention.com\/wp-content\/uploads\/2024\/01\/image0-768x1024.jpeg 768w, https:\/\/sandnestattooconvention.com\/wp-content\/uploads\/2024\/01\/image0-225x300.jpeg 225w, https:\/\/sandnestattooconvention.com\/wp-content\/uploads\/2024\/01\/image0-1152x1536.jpeg 1152w, https:\/\/sandnestattooconvention.com\/wp-content\/uploads\/2024\/01\/image0-1536x2048.jpeg 1536w, https:\/\/sandnestattooconvention.com\/wp-content\/uploads\/2024\/01\/image0-scaled.jpeg 1920w\" sizes=\"auto, (max-width: 768px) 100vw, 768px\" \/><\/figure>\n<\/figure>\n","protected":false},"excerpt":{"rendered":"<p>By : Sandefjord Med til sammen mer enn 50 \u00e5rs erfaring har Nico og Chris startet p\u00e5 neste kapittel i Sandefjord.&nbsp; Med fokus p\u00e5 tradisjonell japansk tatovering. Store og sm\u00e5 arbeider er velkomne!&nbsp;<\/p>\n","protected":false},"author":1,"featured_media":0,"parent":0,"menu_order":0,"comment_status":"closed","ping_status":"closed","template":"","meta":{"footnotes":""},"class_list":["post-146","page","type-page","status-publish","hentry"],"_links":{"self":[{"href":"https:\/\/sandnestattooconvention.com\/index.php\/wp-json\/wp\/v2\/pages\/146","targetHints":{"allow":["GET"]}}],"collection":[{"href":"https:\/\/sandnestattooconvention.com\/index.php\/wp-json\/wp\/v2\/pages"}],"about":[{"href":"https:\/\/sandnestattooconvention.com\/index.php\/wp-json\/wp\/v2\/types\/page"}],"author":[{"embeddable":true,"href":"https:\/\/sandnestattooconvention.com\/index.php\/wp-json\/wp\/v2\/users\/1"}],"replies":[{"embeddable":true,"href":"https:\/\/sandnestattooconvention.com\/index.php\/wp-json\/wp\/v2\/comments?post=146"}],"version-history":[{"count":1,"href":"https:\/\/sandnestattooconvention.com\/index.php\/wp-json\/wp\/v2\/pages\/146\/revisions"}],"predecessor-version":[{"id":154,"href":"https:\/\/sandnestattooconvention.com\/index.php\/wp-json\/wp\/v2\/pages\/146\/revisions\/154"}],"wp:attachment":[{"href":"https:\/\/sandnestattooconvention.com\/index.php\/wp-json\/wp\/v2\/media?parent=146"}],"curies":[{"name":"wp","href":"https:\/\/api.w.org\/{rel}","templated":true}]}}