{"id":2,"date":"2024-04-04T21:25:17","date_gmt":"2024-04-04T21:25:17","guid":{"rendered":"https:\/\/sandnestattooconvention.com\/index.php\/program\/"},"modified":"2024-04-04T21:25:17","modified_gmt":"2024-04-04T21:25:17","slug":"program","status":"publish","type":"page","link":"https:\/\/sandnestattooconvention.com\/index.php\/program\/","title":{"rendered":"Program"},"content":{"rendered":"<article class=\"sections\" id=\"sections\" data-page-sections=\"65fae9809575b42e78d39c81\">\n<section\n  data-test=\"page-section\"\n  \n  data-section-theme=\"\"\n  class='page-section \n    \n      full-bleed-section\n      layout-engine-section\n    \n    background-width--full-bleed\n    \n      section-height--medium\n    \n    \n      content-width--wide\n    \n    horizontal-alignment--center\n    vertical-alignment--middle\n    \n      \n    \n    \n    '\n  \n  data-section-id=\"65fae9809575b42e78d39c88\"\n  \n  data-controller=\"SectionWrapperController\"\n  data-current-styles=\"{\n  &quot;imageOverlayOpacity&quot;: 0.15,\n  &quot;backgroundWidth&quot;: &quot;background-width--full-bleed&quot;,\n  &quot;sectionHeight&quot;: &quot;section-height--medium&quot;,\n  &quot;horizontalAlignment&quot;: &quot;horizontal-alignment--center&quot;,\n  &quot;verticalAlignment&quot;: &quot;vertical-alignment--middle&quot;,\n  &quot;contentWidth&quot;: &quot;content-width--wide&quot;,\n  &quot;customContentWidth&quot;: 50,\n  &quot;sectionAnimation&quot;: &quot;none&quot;,\n  &quot;backgroundMode&quot;: &quot;image&quot;\n}\"\n  data-current-context=\"{\n  &quot;video&quot;: {\n    &quot;playbackSpeed&quot;: 0.5,\n    &quot;filter&quot;: 1,\n    &quot;filterStrength&quot;: 0,\n    &quot;zoom&quot;: 0,\n    &quot;videoSourceProvider&quot;: &quot;none&quot;\n  },\n  &quot;backgroundImageId&quot;: null,\n  &quot;backgroundMediaEffect&quot;: null,\n  &quot;divider&quot;: null,\n  &quot;typeName&quot;: null\n}\"\n  data-animation=\"none\"\n  data-fluid-engine-section\n   \n  \n  \n><\/p>\n<div\n    class=\"section-border\" \n    \n  ><\/p>\n<div class=\"section-background\"><\/div>\n<\/p><\/div>\n<div\n    class='content-wrapper'\n    style='\n      \n        \n      \n    '\n  ><\/p>\n<div\n      class=\"content\"\n      \n    ><\/p>\n<div data-fluid-engine=\"true\">\n<style>\n<p>.fe-65fae9809575b42e78d39c87 {\n  --grid-gutter: calc(var(--sqs-mobile-site-gutter, 6vw) - 11.0px);\n  --cell-max-width: calc( ( var(--sqs-site-max-width, 1500px) - (11.0px * (8 - 1)) ) \/ 8 );<\/p>\n<p>  display: grid;\n  position: relative;\n  grid-area: 1\/1\/-1\/-1;\n  grid-template-rows: repeat(29,minmax(24px, auto));\n  grid-template-columns:\n    minmax(var(--grid-gutter), 1fr)\n    repeat(8, minmax(0, var(--cell-max-width)))\n    minmax(var(--grid-gutter), 1fr);\n  row-gap: 11.0px;\n  column-gap: 11.0px;\n}<\/p>\n<p>@media (min-width: 768px) {\n  .background-width--inset .fe-65fae9809575b42e78d39c87 {\n    --inset-padding: calc(var(--sqs-site-gutter) * 2);\n  }<\/p>\n<p>  .fe-65fae9809575b42e78d39c87 {\n    --grid-gutter: calc(var(--sqs-site-gutter, 4vw) - 11.0px);\n    --cell-max-width: calc( ( var(--sqs-site-max-width, 1500px) - (11.0px * (24 - 1)) ) \/ 24 );\n    --inset-padding: 0vw;<\/p>\n<p>    --row-height-scaling-factor: 0.0215;\n    --container-width: min(var(--sqs-site-max-width, 1500px), calc(100vw - var(--sqs-site-gutter, 4vw) * 2 - var(--inset-padding) ));<\/p>\n<p>    grid-template-rows: repeat(56,minmax(calc(var(--container-width) * var(--row-height-scaling-factor)), auto));\n    grid-template-columns:\n      minmax(var(--grid-gutter), 1fr)\n      repeat(24, minmax(0, var(--cell-max-width)))\n      minmax(var(--grid-gutter), 1fr);\n  }\n}<\/p>\n<p>  .fe-block-b370c954e3bbfdcfd294 {\n    grid-area: 1\/2\/12\/10;\n    z-index: 0;<\/p>\n<p>    @media (max-width: 767px) {<\/p>\n<p>    }\n  }<\/p>\n<p>  .fe-block-b370c954e3bbfdcfd294 .sqs-block {\n    justify-content: center;\n  }<\/p>\n<p>  .fe-block-b370c954e3bbfdcfd294 .sqs-block-alignment-wrapper {\n    align-items: center;\n  }<\/p>\n<p>  @media (min-width: 768px) {\n    .fe-block-b370c954e3bbfdcfd294 {\n      grid-area: 1\/5\/29\/23;\n      z-index: 0;<\/p>\n<p>    }<\/p>\n<p>    .fe-block-b370c954e3bbfdcfd294 .sqs-block {\n      justify-content: center;\n    }<\/p>\n<p>    .fe-block-b370c954e3bbfdcfd294 .sqs-block-alignment-wrapper {\n      align-items: center;\n    }\n  }<\/p>\n<p>  .fe-block-yui_3_17_2_1_1711019772380_14937 {\n    grid-area: 12\/2\/18\/10;\n    z-index: 1;<\/p>\n<p>    @media (max-width: 767px) {<\/p>\n<p>    }\n  }<\/p>\n<p>  .fe-block-yui_3_17_2_1_1711019772380_14937 .sqs-block {\n    justify-content: center;\n  }<\/p>\n<p>  .fe-block-yui_3_17_2_1_1711019772380_14937 .sqs-block-alignment-wrapper {\n    align-items: center;\n  }<\/p>\n<p>  @media (min-width: 768px) {\n    .fe-block-yui_3_17_2_1_1711019772380_14937 {\n      grid-area: 30\/5\/40\/14;\n      z-index: 1;<\/p>\n<p>    }<\/p>\n<p>    .fe-block-yui_3_17_2_1_1711019772380_14937 .sqs-block {\n      justify-content: center;\n    }<\/p>\n<p>    .fe-block-yui_3_17_2_1_1711019772380_14937 .sqs-block-alignment-wrapper {\n      align-items: center;\n    }\n  }<\/p>\n<p>  .fe-block-yui_3_17_2_1_1711019772380_15895 {\n    grid-area: 18\/2\/24\/10;\n    z-index: 2;<\/p>\n<p>    @media (max-width: 767px) {<\/p>\n<p>    }\n  }<\/p>\n<p>  .fe-block-yui_3_17_2_1_1711019772380_15895 .sqs-block {\n    justify-content: center;\n  }<\/p>\n<p>  .fe-block-yui_3_17_2_1_1711019772380_15895 .sqs-block-alignment-wrapper {\n    align-items: center;\n  }<\/p>\n<p>  @media (min-width: 768px) {\n    .fe-block-yui_3_17_2_1_1711019772380_15895 {\n      grid-area: 41\/5\/48\/14;\n      z-index: 2;<\/p>\n<p>    }<\/p>\n<p>    .fe-block-yui_3_17_2_1_1711019772380_15895 .sqs-block {\n      justify-content: center;\n    }<\/p>\n<p>    .fe-block-yui_3_17_2_1_1711019772380_15895 .sqs-block-alignment-wrapper {\n      align-items: center;\n    }\n  }<\/p>\n<p>  .fe-block-yui_3_17_2_1_1711019772380_16697 {\n    grid-area: 24\/2\/30\/10;\n    z-index: 3;<\/p>\n<p>    @media (max-width: 767px) {<\/p>\n<p>    }\n  }<\/p>\n<p>  .fe-block-yui_3_17_2_1_1711019772380_16697 .sqs-block {\n    justify-content: center;\n  }<\/p>\n<p>  .fe-block-yui_3_17_2_1_1711019772380_16697 .sqs-block-alignment-wrapper {\n    align-items: center;\n  }<\/p>\n<p>  @media (min-width: 768px) {\n    .fe-block-yui_3_17_2_1_1711019772380_16697 {\n      grid-area: 49\/4\/57\/15;\n      z-index: 3;<\/p>\n<p>    }<\/p>\n<p>    .fe-block-yui_3_17_2_1_1711019772380_16697 .sqs-block {\n      justify-content: center;\n    }<\/p>\n<p>    .fe-block-yui_3_17_2_1_1711019772380_16697 .sqs-block-alignment-wrapper {\n      align-items: center;\n    }\n  }<\/p>\n<\/style>\n<div class=\"fluid-engine fe-65fae9809575b42e78d39c87\">\n<div class=\"fe-block fe-block-b370c954e3bbfdcfd294\">\n<div class=\"sqs-block html-block sqs-block-html\" data-blend-mode=\"NORMAL\" data-block-type=\"2\" data-border-radii=\"&#123;&quot;topLeft&quot;:&#123;&quot;unit&quot;:&quot;px&quot;,&quot;value&quot;:0.0&#125;,&quot;topRight&quot;:&#123;&quot;unit&quot;:&quot;px&quot;,&quot;value&quot;:0.0&#125;,&quot;bottomLeft&quot;:&#123;&quot;unit&quot;:&quot;px&quot;,&quot;value&quot;:0.0&#125;,&quot;bottomRight&quot;:&#123;&quot;unit&quot;:&quot;px&quot;,&quot;value&quot;:0.0&#125;&#125;\" id=\"block-b370c954e3bbfdcfd294\">\n<div class=\"sqs-block-content\">\n<div class=\"sqs-html-content\">\n<h3 style=\"white-space:pre-wrap;\"><strong>Program: <\/strong><\/h3>\n<p class=\"\" style=\"white-space:pre-wrap;\">Det blir servert drikke og mat i hele \u00e5pningstiden.<\/p>\n<p class=\"\" style=\"white-space:pre-wrap;\"><strong>Fredag:<\/strong><\/p>\n<p class=\"\" style=\"white-space:pre-wrap;\"><strong>15:00 &#8211; Artistene setter i gang, baren er \u00e5pen og spillelistene er p\u00e5<\/strong><\/p>\n<p class=\"\" style=\"white-space:pre-wrap;\"><strong>19:00 &#8211; Konkurranse: Best Small<\/strong><\/p>\n<p class=\"\" style=\"white-space:pre-wrap;\"><strong>20:00 &#8211; Konkurranse: Best Big<\/strong><\/p>\n<p class=\"\" style=\"white-space:pre-wrap;\"><strong>21:00 &#8211; Konkurranse: Best of Friday<\/strong><\/p>\n<p class=\"\" style=\"white-space:pre-wrap;\"><strong>21:00 &#8211; Frynsete p\u00e5 Nervene <\/strong><\/p>\n<p class=\"\" style=\"white-space:pre-wrap;\"><strong>00:00 &#8211; Vi stenger for kvelden og lader opp til l\u00f8rdag<\/strong><\/p>\n<p class=\"\" style=\"white-space:pre-wrap;\">&nbsp;<\/p>\n<p class=\"\" style=\"white-space:pre-wrap;\"><strong>PS! Har du billett til Tattoo Convention f\u00e5r du kr 50 i rabatt p\u00e5 Heatseekers konserten p\u00e5 Tribute. De starter 22:30.<\/strong><\/p>\n<p class=\"\" style=\"white-space:pre-wrap;\">&nbsp;<\/p>\n<p class=\"\" style=\"white-space:pre-wrap;\"><strong>L\u00f8rdag:<\/strong><\/p>\n<p class=\"\" style=\"white-space:pre-wrap;\"><strong>11:00 &#8211; Artistene setter i gang, baren er \u00e5pen og spillelistene er p\u00e5<\/strong><\/p>\n<p class=\"\" style=\"white-space:pre-wrap;\"><strong>13:00 &#8211; Konkurranse: Best Black &amp; grey<\/strong><\/p>\n<p class=\"\" style=\"white-space:pre-wrap;\"><strong>14:00 &#8211; Deathbarrel<\/strong><\/p>\n<p class=\"\" style=\"white-space:pre-wrap;\"><strong>15:00 &#8211; Konkurranse: Best Colour<\/strong><\/p>\n<p class=\"\" style=\"white-space:pre-wrap;\"><strong>16:00 &#8211; Deathbarrel<\/strong><\/p>\n<p class=\"\" style=\"white-space:pre-wrap;\"><strong>17:00 &#8211; Konkurranse: Best of Saturday<\/strong><\/p>\n<p class=\"\" style=\"white-space:pre-wrap;\"><strong>18:00 &#8211; Artistene rigger ned. Takk for denne gang. Sees neste \u00e5r!<\/strong><\/p>\n<p class=\"\" style=\"white-space:pre-wrap;\">&nbsp;<\/p>\n<p class=\"\" style=\"white-space:pre-wrap;\"><strong>NB! Ingen aldersgrense. S\u00e5 du kan ta med hele familien om du vil!<\/strong><\/p>\n<p class=\"\" style=\"white-space:pre-wrap;\"><strong>Billetter finner du her: <\/strong><a href=\"https:\/\/tix.no\/nb\/sandnes\/buyingflow\/tickets\/25687\/48595\/\">https:\/\/tix.no\/nb\/sandnes\/buyingflow\/tickets\/25687\/48595\/<\/a><\/p>\n<\/div>\n<\/div>\n<\/div>\n<\/div>\n<div class=\"fe-block fe-block-yui_3_17_2_1_1711019772380_14937\">\n<div class=\"sqs-block image-block sqs-block-image sqs-stretched\" data-block-type=\"5\" id=\"block-yui_3_17_2_1_1711019772380_14937\">\n<div class=\"sqs-block-content\">\n<div\n      class=\"\n        image-block-outer-wrapper\n        layout-caption-below\n        design-layout-fluid\n        image-position-center\n        combination-animation-site-default\n        individual-animation-site-default\n      \"\n      data-test=\"image-block-fluid-outer-wrapper\"\n    ><\/p>\n<div\n        class=\"fluid-image-animation-wrapper sqs-image sqs-block-alignment-wrapper\"\n        data-animation-role=\"image\"\n        \n  \n\n      ><\/p>\n<div\n          class=\"fluid-image-container sqs-image-content\"\n          \n          style=\"overflow: hidden;-webkit-mask-image: -webkit-radial-gradient(white, black);position: relative;width: 100%;height: 100%;\"\n        ><\/p>\n<div class=\"content-fit\">\n<p>            <img data-stretch=\"false\" src=\"https:\/\/images.squarespace-cdn.com\/content\/v1\/65fae7667be36723a707e2a6\/54f87186-d88b-41ec-9384-0d393ad7a375\/Deathbarrel3.jpg\" data-image=\"https:\/\/images.squarespace-cdn.com\/content\/v1\/65fae7667be36723a707e2a6\/54f87186-d88b-41ec-9384-0d393ad7a375\/Deathbarrel3.jpg\" data-image-dimensions=\"1239x929\" data-image-focal-point=\"0.5,0.5\" alt=\"\" data-load=\"false\" elementtiming=\"system-image-block\" src=\"https:\/\/images.squarespace-cdn.com\/content\/v1\/65fae7667be36723a707e2a6\/54f87186-d88b-41ec-9384-0d393ad7a375\/Deathbarrel3.jpg\" width=\"1239\" height=\"929\" alt=\"\" sizes=\"auto, (max-width: 640px) 100vw, (max-width: 767px) 100vw, 37.5vw\" style=\"display:block;object-fit: contain; object-position: 50% 50%\" srcset=\"https:\/\/images.squarespace-cdn.com\/content\/v1\/65fae7667be36723a707e2a6\/54f87186-d88b-41ec-9384-0d393ad7a375\/Deathbarrel3.jpg?format=100w 100w, https:\/\/images.squarespace-cdn.com\/content\/v1\/65fae7667be36723a707e2a6\/54f87186-d88b-41ec-9384-0d393ad7a375\/Deathbarrel3.jpg?format=300w 300w, https:\/\/images.squarespace-cdn.com\/content\/v1\/65fae7667be36723a707e2a6\/54f87186-d88b-41ec-9384-0d393ad7a375\/Deathbarrel3.jpg?format=500w 500w, https:\/\/images.squarespace-cdn.com\/content\/v1\/65fae7667be36723a707e2a6\/54f87186-d88b-41ec-9384-0d393ad7a375\/Deathbarrel3.jpg?format=750w 750w, https:\/\/images.squarespace-cdn.com\/content\/v1\/65fae7667be36723a707e2a6\/54f87186-d88b-41ec-9384-0d393ad7a375\/Deathbarrel3.jpg?format=1000w 1000w, https:\/\/images.squarespace-cdn.com\/content\/v1\/65fae7667be36723a707e2a6\/54f87186-d88b-41ec-9384-0d393ad7a375\/Deathbarrel3.jpg?format=1500w 1500w, https:\/\/images.squarespace-cdn.com\/content\/v1\/65fae7667be36723a707e2a6\/54f87186-d88b-41ec-9384-0d393ad7a375\/Deathbarrel3.jpg?format=2500w 2500w\" loading=\"lazy\" decoding=\"async\" data-loader=\"sqs\"><\/p>\n<div class=\"fluidImageOverlay\"><\/div>\n<\/p><\/div>\n<\/p><\/div>\n<\/p><\/div>\n<\/p><\/div>\n<style>\n      .sqs-block-image .sqs-block-content {\n        height: 100%;\n        width: 100%;\n      }<\/p>\n<p>        .fe-block-yui_3_17_2_1_1711019772380_14937 .fluidImageOverlay {\n          position: absolute;\n          top: 0;\n          left: 0;\n          width: 100%;\n          height: 100%;\n          mix-blend-mode: normal;<\/p>\n<p>            opacity: 0;<\/p>\n<p>        }<\/p>\n<\/style>\n<\/div>\n<\/div>\n<\/div>\n<div class=\"fe-block fe-block-yui_3_17_2_1_1711019772380_15895\">\n<div class=\"sqs-block image-block sqs-block-image sqs-stretched\" data-block-type=\"5\" id=\"block-yui_3_17_2_1_1711019772380_15895\">\n<div class=\"sqs-block-content\">\n<div\n      class=\"\n        image-block-outer-wrapper\n        layout-caption-below\n        design-layout-fluid\n        image-position-center\n        combination-animation-site-default\n        individual-animation-site-default\n      \"\n      data-test=\"image-block-fluid-outer-wrapper\"\n    ><\/p>\n<div\n        class=\"fluid-image-animation-wrapper sqs-image sqs-block-alignment-wrapper\"\n        data-animation-role=\"image\"\n        \n  \n\n      ><\/p>\n<div\n          class=\"fluid-image-container sqs-image-content\"\n          \n          style=\"overflow: hidden;-webkit-mask-image: -webkit-radial-gradient(white, black);position: relative;width: 100%;height: 100%;\"\n        ><\/p>\n<div class=\"content-fit\">\n<p>            <img data-stretch=\"false\" src=\"https:\/\/images.squarespace-cdn.com\/content\/v1\/65fae7667be36723a707e2a6\/5f09d141-5adc-4f29-a473-459ff9e2050d\/Deathbarrel4.jpeg\" data-image=\"https:\/\/images.squarespace-cdn.com\/content\/v1\/65fae7667be36723a707e2a6\/5f09d141-5adc-4f29-a473-459ff9e2050d\/Deathbarrel4.jpeg\" data-image-dimensions=\"2048x1080\" data-image-focal-point=\"0.5,0.5\" alt=\"\" data-load=\"false\" elementtiming=\"system-image-block\" src=\"https:\/\/images.squarespace-cdn.com\/content\/v1\/65fae7667be36723a707e2a6\/5f09d141-5adc-4f29-a473-459ff9e2050d\/Deathbarrel4.jpeg\" width=\"2048\" height=\"1080\" alt=\"\" sizes=\"auto, (max-width: 640px) 100vw, (max-width: 767px) 100vw, 37.5vw\" style=\"display:block;object-fit: contain; object-position: 50% 50%\" srcset=\"https:\/\/images.squarespace-cdn.com\/content\/v1\/65fae7667be36723a707e2a6\/5f09d141-5adc-4f29-a473-459ff9e2050d\/Deathbarrel4.jpeg?format=100w 100w, https:\/\/images.squarespace-cdn.com\/content\/v1\/65fae7667be36723a707e2a6\/5f09d141-5adc-4f29-a473-459ff9e2050d\/Deathbarrel4.jpeg?format=300w 300w, https:\/\/images.squarespace-cdn.com\/content\/v1\/65fae7667be36723a707e2a6\/5f09d141-5adc-4f29-a473-459ff9e2050d\/Deathbarrel4.jpeg?format=500w 500w, https:\/\/images.squarespace-cdn.com\/content\/v1\/65fae7667be36723a707e2a6\/5f09d141-5adc-4f29-a473-459ff9e2050d\/Deathbarrel4.jpeg?format=750w 750w, https:\/\/images.squarespace-cdn.com\/content\/v1\/65fae7667be36723a707e2a6\/5f09d141-5adc-4f29-a473-459ff9e2050d\/Deathbarrel4.jpeg?format=1000w 1000w, https:\/\/images.squarespace-cdn.com\/content\/v1\/65fae7667be36723a707e2a6\/5f09d141-5adc-4f29-a473-459ff9e2050d\/Deathbarrel4.jpeg?format=1500w 1500w, https:\/\/images.squarespace-cdn.com\/content\/v1\/65fae7667be36723a707e2a6\/5f09d141-5adc-4f29-a473-459ff9e2050d\/Deathbarrel4.jpeg?format=2500w 2500w\" loading=\"lazy\" decoding=\"async\" data-loader=\"sqs\"><\/p>\n<div class=\"fluidImageOverlay\"><\/div>\n<\/p><\/div>\n<\/p><\/div>\n<\/p><\/div>\n<\/p><\/div>\n<style>\n      .sqs-block-image .sqs-block-content {\n        height: 100%;\n        width: 100%;\n      }<\/p>\n<p>        .fe-block-yui_3_17_2_1_1711019772380_15895 .fluidImageOverlay {\n          position: absolute;\n          top: 0;\n          left: 0;\n          width: 100%;\n          height: 100%;\n          mix-blend-mode: normal;<\/p>\n<p>            opacity: 0;<\/p>\n<p>        }<\/p>\n<\/style>\n<\/div>\n<\/div>\n<\/div>\n<div class=\"fe-block fe-block-yui_3_17_2_1_1711019772380_16697\">\n<div class=\"sqs-block image-block sqs-block-image sqs-stretched\" data-block-type=\"5\" id=\"block-yui_3_17_2_1_1711019772380_16697\">\n<div class=\"sqs-block-content\">\n<div\n      class=\"\n        image-block-outer-wrapper\n        layout-caption-below\n        design-layout-fluid\n        image-position-center\n        combination-animation-site-default\n        individual-animation-site-default\n      \"\n      data-test=\"image-block-fluid-outer-wrapper\"\n    ><\/p>\n<div\n        class=\"fluid-image-animation-wrapper sqs-image sqs-block-alignment-wrapper\"\n        data-animation-role=\"image\"\n        \n  \n\n      ><\/p>\n<div\n          class=\"fluid-image-container sqs-image-content\"\n          \n          style=\"overflow: hidden;-webkit-mask-image: -webkit-radial-gradient(white, black);position: relative;width: 100%;height: 100%;\"\n        ><\/p>\n<div class=\"content-fit\">\n<p>            <img data-stretch=\"false\" src=\"https:\/\/images.squarespace-cdn.com\/content\/v1\/65fae7667be36723a707e2a6\/ed70f464-4354-44e5-9a65-f1094a0c046a\/IMG_8115.JPG\" data-image=\"https:\/\/images.squarespace-cdn.com\/content\/v1\/65fae7667be36723a707e2a6\/ed70f464-4354-44e5-9a65-f1094a0c046a\/IMG_8115.JPG\" data-image-dimensions=\"5184x3456\" data-image-focal-point=\"0.5,0.5\" alt=\"\" data-load=\"false\" elementtiming=\"system-image-block\" src=\"https:\/\/images.squarespace-cdn.com\/content\/v1\/65fae7667be36723a707e2a6\/ed70f464-4354-44e5-9a65-f1094a0c046a\/IMG_8115.JPG\" width=\"5184\" height=\"3456\" alt=\"\" sizes=\"auto, (max-width: 640px) 100vw, (max-width: 767px) 100vw, 45.83333333333333vw\" style=\"display:block;object-fit: contain; object-position: 50% 50%\" srcset=\"https:\/\/images.squarespace-cdn.com\/content\/v1\/65fae7667be36723a707e2a6\/ed70f464-4354-44e5-9a65-f1094a0c046a\/IMG_8115.JPG?format=100w 100w, https:\/\/images.squarespace-cdn.com\/content\/v1\/65fae7667be36723a707e2a6\/ed70f464-4354-44e5-9a65-f1094a0c046a\/IMG_8115.JPG?format=300w 300w, https:\/\/images.squarespace-cdn.com\/content\/v1\/65fae7667be36723a707e2a6\/ed70f464-4354-44e5-9a65-f1094a0c046a\/IMG_8115.JPG?format=500w 500w, https:\/\/images.squarespace-cdn.com\/content\/v1\/65fae7667be36723a707e2a6\/ed70f464-4354-44e5-9a65-f1094a0c046a\/IMG_8115.JPG?format=750w 750w, https:\/\/images.squarespace-cdn.com\/content\/v1\/65fae7667be36723a707e2a6\/ed70f464-4354-44e5-9a65-f1094a0c046a\/IMG_8115.JPG?format=1000w 1000w, https:\/\/images.squarespace-cdn.com\/content\/v1\/65fae7667be36723a707e2a6\/ed70f464-4354-44e5-9a65-f1094a0c046a\/IMG_8115.JPG?format=1500w 1500w, https:\/\/images.squarespace-cdn.com\/content\/v1\/65fae7667be36723a707e2a6\/ed70f464-4354-44e5-9a65-f1094a0c046a\/IMG_8115.JPG?format=2500w 2500w\" loading=\"lazy\" decoding=\"async\" data-loader=\"sqs\"><\/p>\n<div class=\"fluidImageOverlay\"><\/div>\n<\/p><\/div>\n<\/p><\/div>\n<\/p><\/div>\n<\/p><\/div>\n<style>\n      .sqs-block-image .sqs-block-content {\n        height: 100%;\n        width: 100%;\n      }<\/p>\n<p>        .fe-block-yui_3_17_2_1_1711019772380_16697 .fluidImageOverlay {\n          position: absolute;\n          top: 0;\n          left: 0;\n          width: 100%;\n          height: 100%;\n          mix-blend-mode: normal;<\/p>\n<p>            opacity: 0;<\/p>\n<p>        }<\/p>\n<\/style>\n<\/div>\n<\/div>\n<\/div>\n<\/div>\n<\/div><\/div>\n<\/p><\/div>\n<\/section>\n<\/article>\n","protected":false},"excerpt":{"rendered":"<p>Program: Det blir servert drikke og mat i hele \u00e5pningstiden. Fredag: 15:00 &#8211; Artistene setter i gang, baren er \u00e5pen og spillelistene er p\u00e5 19:00 &#8211; Konkurranse: Best Small 20:00 &#8211; Konkurranse: Best Big 21:00 &#8211; Konkurranse: Best of Friday 21:00 &#8211; Frynsete p\u00e5 Nervene 00:00 &#8211; Vi stenger for kvelden og lader opp til [&hellip;]<\/p>\n","protected":false},"author":1,"featured_media":0,"parent":0,"menu_order":0,"comment_status":"closed","ping_status":"closed","template":"","meta":{"footnotes":""},"class_list":["post-2","page","type-page","status-publish","hentry"],"_links":{"self":[{"href":"https:\/\/sandnestattooconvention.com\/index.php\/wp-json\/wp\/v2\/pages\/2","targetHints":{"allow":["GET"]}}],"collection":[{"href":"https:\/\/sandnestattooconvention.com\/index.php\/wp-json\/wp\/v2\/pages"}],"about":[{"href":"https:\/\/sandnestattooconvention.com\/index.php\/wp-json\/wp\/v2\/types\/page"}],"author":[{"embeddable":true,"href":"https:\/\/sandnestattooconvention.com\/index.php\/wp-json\/wp\/v2\/users\/1"}],"replies":[{"embeddable":true,"href":"https:\/\/sandnestattooconvention.com\/index.php\/wp-json\/wp\/v2\/comments?post=2"}],"version-history":[{"count":0,"href":"https:\/\/sandnestattooconvention.com\/index.php\/wp-json\/wp\/v2\/pages\/2\/revisions"}],"wp:attachment":[{"href":"https:\/\/sandnestattooconvention.com\/index.php\/wp-json\/wp\/v2\/media?parent=2"}],"curies":[{"name":"wp","href":"https:\/\/api.w.org\/{rel}","templated":true}]}}